{"id":851,"date":"2025-02-16T17:20:58","date_gmt":"2025-02-16T14:20:58","guid":{"rendered":"http:\/\/karakoyymm.com\/?page_id=851"},"modified":"2025-03-10T22:49:23","modified_gmt":"2025-03-10T19:49:23","slug":"ekibimiz","status":"publish","type":"page","link":"https:\/\/karakoyymm.com\/?page_id=851","title":{"rendered":"Ekibimiz"},"content":{"rendered":"\t\t<div data-elementor-type=\"wp-page\" data-elementor-id=\"851\" class=\"elementor elementor-851\">\n\t\t\t\t<div class=\"elementor-element elementor-element-9841525 e-flex e-con-boxed e-con e-parent\" data-id=\"9841525\" data-element_type=\"container\">\n\t\t\t\t\t<div class=\"e-con-inner\">\n\t\t<div class=\"elementor-element elementor-element-d74acba e-con-full e-flex e-con e-child\" data-id=\"d74acba\" data-element_type=\"container\">\n\t\t\t\t<\/div>\n\t\t<div class=\"elementor-element elementor-element-815d159 e-con-full e-flex e-con e-child\" data-id=\"815d159\" data-element_type=\"container\">\n\t\t\t\t<\/div>\n\t\t<div class=\"elementor-element elementor-element-f1e6974 e-con-full e-flex e-con e-child\" data-id=\"f1e6974\" data-element_type=\"container\">\n\t\t\t\t<\/div>\n\t\t<div class=\"elementor-element elementor-element-c1a4cd6 e-con-full e-flex e-con e-child\" data-id=\"c1a4cd6\" data-element_type=\"container\">\n\t\t\t\t<\/div>\n\t\t\t\t\t<\/div>\n\t\t\t\t<\/div>\n\t\t<div class=\"elementor-element elementor-element-4d3dac8 e-flex e-con-boxed e-con e-parent\" data-id=\"4d3dac8\" data-element_type=\"container\">\n\t\t\t\t\t<div class=\"e-con-inner\">\n\t\t<div class=\"elementor-element elementor-element-ddab202 e-con-full e-flex e-con e-child\" data-id=\"ddab202\" data-element_type=\"container\">\n\t\t\t\t<div class=\"elementor-element elementor-element-f9cb4f8 elementor-widget elementor-widget-image\" data-id=\"f9cb4f8\" data-element_type=\"widget\" data-widget_type=\"image.default\">\n\t\t\t\t<div class=\"elementor-widget-container\">\n\t\t\t\t\t\t\t\t\t\t\t\t\t\t\t<img decoding=\"async\" src=\"https:\/\/karakoyymm.com\/wp-content\/uploads\/2025\/02\/120742732_3024873800951388_6422390623929346427_n.jpg\" title=\"\" alt=\"\" loading=\"lazy\" \/>\t\t\t\t\t\t\t\t\t\t\t\t\t\t\t<\/div>\n\t\t\t\t<\/div>\n\t\t\t\t<\/div>\n\t\t<div class=\"elementor-element elementor-element-78248fd e-con-full e-flex e-con e-child\" data-id=\"78248fd\" data-element_type=\"container\">\n\t\t<div class=\"elementor-element elementor-element-9265ee6 e-con-full e-flex e-con e-child\" data-id=\"9265ee6\" data-element_type=\"container\">\n\t\t\t\t<div class=\"elementor-element elementor-element-75bf9b1 elementor-widget elementor-widget-heading\" data-id=\"75bf9b1\" data-element_type=\"widget\" data-widget_type=\"heading.default\">\n\t\t\t\t<div class=\"elementor-widget-container\">\n\t\t\t\t\t<h2 class=\"elementor-heading-title elementor-size-default\">\u00d6mer \u015eener YMM<\/h2>\t\t\t\t<\/div>\n\t\t\t\t<\/div>\n\t\t\t\t<\/div>\n\t\t<div class=\"elementor-element elementor-element-22985f9 e-con-full e-flex e-con e-child\" data-id=\"22985f9\" data-element_type=\"container\">\n\t\t\t\t<div class=\"elementor-element elementor-element-2907c6b elementor-widget elementor-widget-text-editor\" data-id=\"2907c6b\" data-element_type=\"widget\" data-widget_type=\"text-editor.default\">\n\t\t\t\t<div class=\"elementor-widget-container\">\n\t\t\t\t\t\t\t\t\t<p>1991 y\u0131l\u0131nda Tunceli\u2019nin \u00c7emi\u015fgezek il\u00e7esinde do\u011fan \u00d6mer \u015eENER, Akdeniz \u00dcniversitesi Kamu Y\u00f6netimi b\u00f6l\u00fcm\u00fcnden 2012 y\u0131l\u0131nda mezun olmu\u015ftur. Meslek hayat\u0131na 2012 y\u0131l\u0131nda Gelir \u0130daresi Ba\u015fkanl\u0131\u011f\u0131\u2019nda Uzman kadrosunda ba\u015flayan \u015eener, Maliye Bakanl\u0131\u011f\u0131\u2019n\u0131n d\u00fczenledi\u011fi Vergi M\u00fcfetti\u015f Yard\u0131mc\u0131l\u0131\u011f\u0131 giri\u015f s\u0131nav\u0131n\u0131 ba\u015far\u0131yla ge\u00e7erek, 2013 y\u0131l\u0131nda Ankara B\u00fcy\u00fck \u00d6l\u00e7ekli M\u00fckellefler Grup Ba\u015fkanl\u0131\u011f\u0131\u2019nda g\u00f6rev yapmaya ba\u015flam\u0131\u015ft\u0131r. Ankara\u2019daki 6 y\u0131ll\u0131k g\u00f6rev s\u00fcresinin ard\u0131ndan, s\u0131ras\u0131yla \u0130stanbul B\u00fcy\u00fck \u00d6l\u00e7ekli M\u00fckellefler Grup Ba\u015fkanl\u0131\u011f\u0131 ve \u0130stanbul Sekt\u00f6rel-1 Denetim Daire Ba\u015fkanl\u0131\u011f\u0131\u2019nda g\u00f6rev alm\u0131\u015ft\u0131r. Bu g\u00f6revler s\u00fcresince;<\/p>\t\t\t\t\t\t\t\t<\/div>\n\t\t\t\t<\/div>\n\t\t\t\t<\/div>\n\t\t\t\t<\/div>\n\t\t\t\t\t<\/div>\n\t\t\t\t<\/div>\n\t\t<div class=\"elementor-element elementor-element-ef006b7 e-con-full e-flex e-con e-parent\" data-id=\"ef006b7\" data-element_type=\"container\">\n\t\t\t\t<div class=\"elementor-element elementor-element-04b6739 elementor-widget elementor-widget-text-editor\" data-id=\"04b6739\" data-element_type=\"widget\" data-widget_type=\"text-editor.default\">\n\t\t\t\t<div class=\"elementor-widget-container\">\n\t\t\t\t\t\t\t\t\t<ul><li>\u00a0Bankac\u0131l\u0131k, enerji, medikal \u00fcr\u00fcnler, turizm, in\u015faat, reklam, g\u0131da, i\u00e7ecek ve telekom\u00fcnikasyon gibi sekt\u00f6rlerdeki b\u00fcy\u00fck kurulu\u015flar\u0131 denetlemi\u015f; \u00c7e\u015fitli konularda vergi denetim raporlar\u0131 haz\u0131rlam\u0131\u015ft\u0131r.<\/li><li>Vergi Uzla\u015fma Komisyonu \u00fcyesi olarak kurumlarla vergi uyu\u015fmazl\u0131klar\u0131n\u0131n \u00e7\u00f6z\u00fcm\u00fcne y\u00f6nelik g\u00f6r\u00fc\u015fmelerde bulunmu\u015ftur.<\/li><li>\u00a0MASAK ile ili\u015fkili vergi incelemelerinin y\u00fcr\u00fct\u00fclmesinde g\u00f6rev alm\u0131\u015ft\u0131r.<\/li><li>Vergi mahkemelerinde \u00e7e\u015fitli vergi inceleme raporlar\u0131n\u0131 savundu.<\/li><li>\u0130\u015fe yeni ba\u015flayan m\u00fcfetti\u015f yard\u0131mc\u0131lar\u0131na hizmet i\u00e7i e\u011fitim kapsam\u0131nda \u201cvergi kanunlar\u0131\u201d konusunda kurslar vermi\u015ftir.<\/li><li>Vergi Dairelerinin tefti\u015fi g\u00f6revlerinde bulunmu\u015ftur. Ekonomi ve maliye konular\u0131nda dergi ve gazetelerde yay\u0131nlanm\u0131\u015f makale ve k\u00f6\u015fe yaz\u0131lar\u0131 bulunmakta olup Vergi Pusulas\u0131 Dergisinin de 2023 y\u0131l\u0131ndan itibaren edit\u00f6rl\u00fc\u011f\u00fcn\u00fc \u00fcstlenmektedir. Ayn\u0131 zamanda Maliye Denetim Elemanlar\u0131 Derne\u011finde 2023 y\u0131l\u0131ndan itibaren Y\u00f6netim Kurulu \u00dcyesi olarak yer almaktad\u0131r. Son olarak \u0130stanbul Sekt\u00f6rel-1 Denetim Grup Ba\u015fkanl\u0131\u011f\u0131nda Vergi M\u00fcfetti\u015fi olarak g\u00f6rev yapmakta iken 2025 y\u0131l\u0131nda kendi iste\u011fi ile g\u00f6revinden ve memuriyetten ayr\u0131larak, Karak\u00f6y Yeminli Mali M\u00fc\u015favirlik A\u015e\u2019nin kurucular\u0131 aras\u0131nda yer alm\u0131\u015ft\u0131r. Halen Karak\u00f6y Yeminli Mali M\u00fc\u015favirlik A\u015e\u2019de Yeminli Mali M\u00fc\u015favir olarak faaliyetine devam etmektedir.Ayr\u0131ca Kamu G\u00f6zetimi Kurumu\u2019nun a\u00e7m\u0131\u015f oldu\u011fu s\u0131navlarda ba\u015far\u0131l\u0131 olarak Ba\u011f\u0131ms\u0131z Denet\u00e7ilik ruhsat\u0131n\u0131 alm\u0131\u015ft\u0131r.<\/li><\/ul>\t\t\t\t\t\t\t\t<\/div>\n\t\t\t\t<\/div>\n\t\t\t\t<\/div>\n\t\t\t\t<\/div>\n\t\t","protected":false},"excerpt":{"rendered":"<p>\u00d6mer \u015eener YMM 1991 y\u0131l\u0131nda Tunceli\u2019nin \u00c7emi\u015fgezek il\u00e7esinde do\u011fan \u00d6mer \u015eENER, Akdeniz \u00dcniversitesi Kamu Y\u00f6netimi b\u00f6l\u00fcm\u00fcnden 2012 y\u0131l\u0131nda mezun olmu\u015ftur. Meslek hayat\u0131na [&hellip;]<\/p>\n","protected":false},"author":1,"featured_media":0,"parent":0,"menu_order":0,"comment_status":"closed","ping_status":"closed","template":"","meta":{"footnotes":""},"class_list":["post-851","page","type-page","status-publish","hentry"],"_links":{"self":[{"href":"https:\/\/karakoyymm.com\/index.php?rest_route=\/wp\/v2\/pages\/851","targetHints":{"allow":["GET"]}}],"collection":[{"href":"https:\/\/karakoyymm.com\/index.php?rest_route=\/wp\/v2\/pages"}],"about":[{"href":"https:\/\/karakoyymm.com\/index.php?rest_route=\/wp\/v2\/types\/page"}],"author":[{"embeddable":true,"href":"https:\/\/karakoyymm.com\/index.php?rest_route=\/wp\/v2\/users\/1"}],"replies":[{"embeddable":true,"href":"https:\/\/karakoyymm.com\/index.php?rest_route=%2Fwp%2Fv2%2Fcomments&post=851"}],"version-history":[{"count":19,"href":"https:\/\/karakoyymm.com\/index.php?rest_route=\/wp\/v2\/pages\/851\/revisions"}],"predecessor-version":[{"id":1309,"href":"https:\/\/karakoyymm.com\/index.php?rest_route=\/wp\/v2\/pages\/851\/revisions\/1309"}],"wp:attachment":[{"href":"https:\/\/karakoyymm.com\/index.php?rest_route=%2Fwp%2Fv2%2Fmedia&parent=851"}],"curies":[{"name":"wp","href":"https:\/\/api.w.org\/{rel}","templated":true}]}}