{"id":842,"date":"2025-02-16T17:17:31","date_gmt":"2025-02-16T14:17:31","guid":{"rendered":"http:\/\/karakoyymm.com\/?page_id=842"},"modified":"2025-03-29T15:34:40","modified_gmt":"2025-03-29T12:34:40","slug":"hizmetler","status":"publish","type":"page","link":"https:\/\/karakoyymm.com\/?page_id=842","title":{"rendered":"Hizmetler"},"content":{"rendered":"\t\t<div data-elementor-type=\"wp-page\" data-elementor-id=\"842\" class=\"elementor elementor-842\">\n\t\t\t\t<div class=\"elementor-element elementor-element-d52a9fe e-flex e-con-boxed e-con e-parent\" data-id=\"d52a9fe\" data-element_type=\"container\">\n\t\t\t\t\t<div class=\"e-con-inner\">\n\t\t\t\t<div class=\"elementor-element elementor-element-a666546 elementor-widget elementor-widget-heading\" data-id=\"a666546\" data-element_type=\"widget\" data-widget_type=\"heading.default\">\n\t\t\t\t<div class=\"elementor-widget-container\">\n\t\t\t\t\t<h1 class=\"elementor-heading-title elementor-size-default\">H\u0130ZMETLER<\/h1>\t\t\t\t<\/div>\n\t\t\t\t<\/div>\n\t\t\t\t\t<\/div>\n\t\t\t\t<\/div>\n\t\t<div class=\"elementor-element elementor-element-1bc408d e-con-full e-flex e-con e-parent\" data-id=\"1bc408d\" data-element_type=\"container\">\n\t\t\t\t<div class=\"elementor-element elementor-element-ad750d4 elementor-widget elementor-widget-spacer\" data-id=\"ad750d4\" data-element_type=\"widget\" data-widget_type=\"spacer.default\">\n\t\t\t\t<div class=\"elementor-widget-container\">\n\t\t\t\t\t\t\t<div class=\"elementor-spacer\">\n\t\t\t<div class=\"elementor-spacer-inner\"><\/div>\n\t\t<\/div>\n\t\t\t\t\t\t<\/div>\n\t\t\t\t<\/div>\n\t\t\t\t<\/div>\n\t\t<div class=\"elementor-element elementor-element-841f46c e-grid e-con-full e-con e-parent\" data-id=\"841f46c\" data-element_type=\"container\" data-settings=\"{&quot;background_background&quot;:&quot;classic&quot;}\">\n\t\t\t\t<div class=\"elementor-element elementor-element-057ff20 elementor-position-top elementor-invisible elementor-widget elementor-widget-image-box\" data-id=\"057ff20\" data-element_type=\"widget\" data-settings=\"{&quot;_animation&quot;:&quot;fadeInLeft&quot;}\" data-widget_type=\"image-box.default\">\n\t\t\t\t<div class=\"elementor-widget-container\">\n\t\t\t\t\t<div class=\"elementor-image-box-wrapper\"><figure class=\"elementor-image-box-img\"><a href=\"https:\/\/karakoyymm.com\/?page_id=1524\" tabindex=\"-1\"><img fetchpriority=\"high\" decoding=\"async\" width=\"1024\" height=\"1024\" src=\"https:\/\/karakoyymm.com\/wp-content\/uploads\/2025\/03\/kdv-otv-iades.webp\" class=\"attachment-full size-full wp-image-1348\" alt=\"\" srcset=\"https:\/\/karakoyymm.com\/wp-content\/uploads\/2025\/03\/kdv-otv-iades.webp 1024w, https:\/\/karakoyymm.com\/wp-content\/uploads\/2025\/03\/kdv-otv-iades-300x300.webp 300w, https:\/\/karakoyymm.com\/wp-content\/uploads\/2025\/03\/kdv-otv-iades-150x150.webp 150w, https:\/\/karakoyymm.com\/wp-content\/uploads\/2025\/03\/kdv-otv-iades-768x768.webp 768w, https:\/\/karakoyymm.com\/wp-content\/uploads\/2025\/03\/kdv-otv-iades-1000x1000.webp 1000w, https:\/\/karakoyymm.com\/wp-content\/uploads\/2025\/03\/kdv-otv-iades-230x230.webp 230w, https:\/\/karakoyymm.com\/wp-content\/uploads\/2025\/03\/kdv-otv-iades-350x350.webp 350w, https:\/\/karakoyymm.com\/wp-content\/uploads\/2025\/03\/kdv-otv-iades-480x480.webp 480w\" sizes=\"(max-width: 1024px) 100vw, 1024px\" \/><\/a><\/figure><div class=\"elementor-image-box-content\"><h3 class=\"elementor-image-box-title\"><a href=\"https:\/\/karakoyymm.com\/?page_id=1524\">KDV \u00d6TV \u0130adesi<\/a><\/h3><p class=\"elementor-image-box-description\">KDV \u00d6TV \u0130adesi KDV ve \u00d6TV iadesi s\u00fcre\u00e7lerinde uzman deste\u011fimizle i\u015fletmenizin hak etti\u011fi iade tutar\u0131n\u0131 en h\u0131zl\u0131<\/p><\/div><\/div>\t\t\t\t<\/div>\n\t\t\t\t<\/div>\n\t\t\t\t<div class=\"elementor-element elementor-element-b919e10 elementor-position-top elementor-invisible elementor-widget elementor-widget-image-box\" data-id=\"b919e10\" data-element_type=\"widget\" data-settings=\"{&quot;_animation&quot;:&quot;fadeInRight&quot;}\" data-widget_type=\"image-box.default\">\n\t\t\t\t<div class=\"elementor-widget-container\">\n\t\t\t\t\t<div class=\"elementor-image-box-wrapper\"><figure class=\"elementor-image-box-img\"><a href=\"https:\/\/karakoyymm.com\/?page_id=1510\" tabindex=\"-1\"><img decoding=\"async\" width=\"1024\" height=\"1024\" src=\"https:\/\/karakoyymm.com\/wp-content\/uploads\/2025\/03\/Ozel-amacli-tasdik-isleri-raporu.webp\" class=\"attachment-full size-full wp-image-1350\" alt=\"\" srcset=\"https:\/\/karakoyymm.com\/wp-content\/uploads\/2025\/03\/Ozel-amacli-tasdik-isleri-raporu.webp 1024w, https:\/\/karakoyymm.com\/wp-content\/uploads\/2025\/03\/Ozel-amacli-tasdik-isleri-raporu-300x300.webp 300w, https:\/\/karakoyymm.com\/wp-content\/uploads\/2025\/03\/Ozel-amacli-tasdik-isleri-raporu-150x150.webp 150w, https:\/\/karakoyymm.com\/wp-content\/uploads\/2025\/03\/Ozel-amacli-tasdik-isleri-raporu-768x768.webp 768w, https:\/\/karakoyymm.com\/wp-content\/uploads\/2025\/03\/Ozel-amacli-tasdik-isleri-raporu-1000x1000.webp 1000w, https:\/\/karakoyymm.com\/wp-content\/uploads\/2025\/03\/Ozel-amacli-tasdik-isleri-raporu-230x230.webp 230w, https:\/\/karakoyymm.com\/wp-content\/uploads\/2025\/03\/Ozel-amacli-tasdik-isleri-raporu-350x350.webp 350w, https:\/\/karakoyymm.com\/wp-content\/uploads\/2025\/03\/Ozel-amacli-tasdik-isleri-raporu-480x480.webp 480w\" sizes=\"(max-width: 1024px) 100vw, 1024px\" \/><\/a><\/figure><div class=\"elementor-image-box-content\"><h3 class=\"elementor-image-box-title\"><a href=\"https:\/\/karakoyymm.com\/?page_id=1510\">\u00d6zel Ama\u00e7l\u0131 Tasdik \u0130\u015fleri Raporu<\/a><\/h3><p class=\"elementor-image-box-description\">\u00d6zel Ama\u00e7l\u0131 Tasdik \u0130\u015fleri Raporu Firmalar\u0131n ihtiya\u00e7 duydu\u011fu \u00f6zel denetim ve tasdik i\u015flemleri i\u00e7in g\u00fcvenilir ve profesyonel<\/p><\/div><\/div>\t\t\t\t<\/div>\n\t\t\t\t<\/div>\n\t\t\t\t<div class=\"elementor-element elementor-element-f5f55e7 elementor-position-top elementor-invisible elementor-widget elementor-widget-image-box\" data-id=\"f5f55e7\" data-element_type=\"widget\" data-settings=\"{&quot;_animation&quot;:&quot;fadeInLeft&quot;}\" data-widget_type=\"image-box.default\">\n\t\t\t\t<div class=\"elementor-widget-container\">\n\t\t\t\t\t<div class=\"elementor-image-box-wrapper\"><figure class=\"elementor-image-box-img\"><a href=\"https:\/\/karakoyymm.com\/?page_id=1377\" tabindex=\"-1\"><img decoding=\"async\" width=\"1024\" height=\"1024\" src=\"https:\/\/karakoyymm.com\/wp-content\/uploads\/2025\/03\/ozel-amacli-tasdik-isleri.webp\" class=\"attachment-full size-full wp-image-1351\" alt=\"\" srcset=\"https:\/\/karakoyymm.com\/wp-content\/uploads\/2025\/03\/ozel-amacli-tasdik-isleri.webp 1024w, https:\/\/karakoyymm.com\/wp-content\/uploads\/2025\/03\/ozel-amacli-tasdik-isleri-300x300.webp 300w, https:\/\/karakoyymm.com\/wp-content\/uploads\/2025\/03\/ozel-amacli-tasdik-isleri-150x150.webp 150w, https:\/\/karakoyymm.com\/wp-content\/uploads\/2025\/03\/ozel-amacli-tasdik-isleri-768x768.webp 768w, https:\/\/karakoyymm.com\/wp-content\/uploads\/2025\/03\/ozel-amacli-tasdik-isleri-1000x1000.webp 1000w, https:\/\/karakoyymm.com\/wp-content\/uploads\/2025\/03\/ozel-amacli-tasdik-isleri-230x230.webp 230w, https:\/\/karakoyymm.com\/wp-content\/uploads\/2025\/03\/ozel-amacli-tasdik-isleri-350x350.webp 350w, https:\/\/karakoyymm.com\/wp-content\/uploads\/2025\/03\/ozel-amacli-tasdik-isleri-480x480.webp 480w\" sizes=\"(max-width: 1024px) 100vw, 1024px\" \/><\/a><\/figure><div class=\"elementor-image-box-content\"><h3 class=\"elementor-image-box-title\"><a href=\"https:\/\/karakoyymm.com\/?page_id=1377\">Vergi ve Tasdik Hizmetleri<\/a><\/h3><p class=\"elementor-image-box-description\">Vergi ve Tasdik Hizmetleri Tasdik, ger\u00e7ek veya t\u00fczel ki\u015filerin veya bunlar\u0131n te\u015febb\u00fcs ve i\u015fletmelerinin yeminli mali m\u00fc\u015favirlerce<\/p><\/div><\/div>\t\t\t\t<\/div>\n\t\t\t\t<\/div>\n\t\t\t\t<div class=\"elementor-element elementor-element-2f39a41 elementor-position-top elementor-invisible elementor-widget elementor-widget-image-box\" data-id=\"2f39a41\" data-element_type=\"widget\" data-settings=\"{&quot;_animation&quot;:&quot;fadeInRight&quot;}\" data-widget_type=\"image-box.default\">\n\t\t\t\t<div class=\"elementor-widget-container\">\n\t\t\t\t\t<div class=\"elementor-image-box-wrapper\"><figure class=\"elementor-image-box-img\"><a href=\"https:\/\/karakoyymm.com\/?page_id=1539\" tabindex=\"-1\"><img loading=\"lazy\" decoding=\"async\" width=\"1024\" height=\"1024\" src=\"https:\/\/karakoyymm.com\/wp-content\/uploads\/2025\/03\/Denetim-hizmetleri.webp\" class=\"attachment-full size-full wp-image-1346\" alt=\"\" srcset=\"https:\/\/karakoyymm.com\/wp-content\/uploads\/2025\/03\/Denetim-hizmetleri.webp 1024w, https:\/\/karakoyymm.com\/wp-content\/uploads\/2025\/03\/Denetim-hizmetleri-300x300.webp 300w, https:\/\/karakoyymm.com\/wp-content\/uploads\/2025\/03\/Denetim-hizmetleri-150x150.webp 150w, https:\/\/karakoyymm.com\/wp-content\/uploads\/2025\/03\/Denetim-hizmetleri-768x768.webp 768w, https:\/\/karakoyymm.com\/wp-content\/uploads\/2025\/03\/Denetim-hizmetleri-1000x1000.webp 1000w, https:\/\/karakoyymm.com\/wp-content\/uploads\/2025\/03\/Denetim-hizmetleri-230x230.webp 230w, https:\/\/karakoyymm.com\/wp-content\/uploads\/2025\/03\/Denetim-hizmetleri-350x350.webp 350w, https:\/\/karakoyymm.com\/wp-content\/uploads\/2025\/03\/Denetim-hizmetleri-480x480.webp 480w\" sizes=\"(max-width: 1024px) 100vw, 1024px\" \/><\/a><\/figure><div class=\"elementor-image-box-content\"><h3 class=\"elementor-image-box-title\"><a href=\"https:\/\/karakoyymm.com\/?page_id=1539\">Denetim Hizmetleri<\/a><\/h3><p class=\"elementor-image-box-description\">Denetim Hizmetleri Vergi Dan\u0131\u015fmanl\u0131\u011f\u0131, Vergi Denetimi ve Tasdik Hizmetlerimiz ile, T\u00fcrkiye\u2019de ge\u00e7erli vergi yasa, mevzuat ve ilgili<\/p><\/div><\/div>\t\t\t\t<\/div>\n\t\t\t\t<\/div>\n\t\t\t\t<div class=\"elementor-element elementor-element-cb0d4a2 elementor-position-top elementor-invisible elementor-widget elementor-widget-image-box\" data-id=\"cb0d4a2\" data-element_type=\"widget\" data-settings=\"{&quot;_animation&quot;:&quot;fadeInLeft&quot;}\" data-widget_type=\"image-box.default\">\n\t\t\t\t<div class=\"elementor-widget-container\">\n\t\t\t\t\t<div class=\"elementor-image-box-wrapper\"><figure class=\"elementor-image-box-img\"><a href=\"https:\/\/karakoyymm.com\/?page_id=1517\" tabindex=\"-1\"><img loading=\"lazy\" decoding=\"async\" width=\"1024\" height=\"1024\" src=\"https:\/\/karakoyymm.com\/wp-content\/uploads\/2025\/03\/kisisel-ve-kurumsal-danismanlik.webp\" class=\"attachment-full size-full wp-image-1349\" alt=\"\" srcset=\"https:\/\/karakoyymm.com\/wp-content\/uploads\/2025\/03\/kisisel-ve-kurumsal-danismanlik.webp 1024w, https:\/\/karakoyymm.com\/wp-content\/uploads\/2025\/03\/kisisel-ve-kurumsal-danismanlik-300x300.webp 300w, https:\/\/karakoyymm.com\/wp-content\/uploads\/2025\/03\/kisisel-ve-kurumsal-danismanlik-150x150.webp 150w, https:\/\/karakoyymm.com\/wp-content\/uploads\/2025\/03\/kisisel-ve-kurumsal-danismanlik-768x768.webp 768w, https:\/\/karakoyymm.com\/wp-content\/uploads\/2025\/03\/kisisel-ve-kurumsal-danismanlik-1000x1000.webp 1000w, https:\/\/karakoyymm.com\/wp-content\/uploads\/2025\/03\/kisisel-ve-kurumsal-danismanlik-230x230.webp 230w, https:\/\/karakoyymm.com\/wp-content\/uploads\/2025\/03\/kisisel-ve-kurumsal-danismanlik-350x350.webp 350w, https:\/\/karakoyymm.com\/wp-content\/uploads\/2025\/03\/kisisel-ve-kurumsal-danismanlik-480x480.webp 480w\" sizes=\"(max-width: 1024px) 100vw, 1024px\" \/><\/a><\/figure><div class=\"elementor-image-box-content\"><h3 class=\"elementor-image-box-title\"><a href=\"https:\/\/karakoyymm.com\/?page_id=1517\">Ki\u015fisel ve Kurumsal Dan\u0131\u015fmanl\u0131k<\/a><\/h3><p class=\"elementor-image-box-description\">Ki\u015fisel ve Kurumsal Dan\u0131\u015fmanl\u0131k T\u00fcrk Vergi Mevzuat\u0131, Uluslararas\u0131 \u00c7ifte Vergilendirmeyi \u00d6nleme Anla\u015fmalar\u0131, Vergi ve Yat\u0131r\u0131m Te\u015fvikleri gibi<\/p><\/div><\/div>\t\t\t\t<\/div>\n\t\t\t\t<\/div>\n\t\t\t\t<div class=\"elementor-element elementor-element-23bfa10 elementor-position-top elementor-invisible elementor-widget elementor-widget-image-box\" data-id=\"23bfa10\" data-element_type=\"widget\" data-settings=\"{&quot;_animation&quot;:&quot;fadeInRight&quot;}\" data-widget_type=\"image-box.default\">\n\t\t\t\t<div class=\"elementor-widget-container\">\n\t\t\t\t\t<div class=\"elementor-image-box-wrapper\"><figure class=\"elementor-image-box-img\"><a href=\"https:\/\/karakoyymm.com\/?page_id=1530\" tabindex=\"-1\"><img loading=\"lazy\" decoding=\"async\" width=\"1024\" height=\"1024\" src=\"https:\/\/karakoyymm.com\/wp-content\/uploads\/2025\/03\/vergi-dava-danilmanligi.webp\" class=\"attachment-full size-full wp-image-1352\" alt=\"\" srcset=\"https:\/\/karakoyymm.com\/wp-content\/uploads\/2025\/03\/vergi-dava-danilmanligi.webp 1024w, https:\/\/karakoyymm.com\/wp-content\/uploads\/2025\/03\/vergi-dava-danilmanligi-300x300.webp 300w, https:\/\/karakoyymm.com\/wp-content\/uploads\/2025\/03\/vergi-dava-danilmanligi-150x150.webp 150w, https:\/\/karakoyymm.com\/wp-content\/uploads\/2025\/03\/vergi-dava-danilmanligi-768x768.webp 768w, https:\/\/karakoyymm.com\/wp-content\/uploads\/2025\/03\/vergi-dava-danilmanligi-1000x1000.webp 1000w, https:\/\/karakoyymm.com\/wp-content\/uploads\/2025\/03\/vergi-dava-danilmanligi-230x230.webp 230w, https:\/\/karakoyymm.com\/wp-content\/uploads\/2025\/03\/vergi-dava-danilmanligi-350x350.webp 350w, https:\/\/karakoyymm.com\/wp-content\/uploads\/2025\/03\/vergi-dava-danilmanligi-480x480.webp 480w\" sizes=\"(max-width: 1024px) 100vw, 1024px\" \/><\/a><\/figure><div class=\"elementor-image-box-content\"><h3 class=\"elementor-image-box-title\"><a href=\"https:\/\/karakoyymm.com\/?page_id=1530\">Vergi Dava Dan\u0131\u015fmanl\u0131\u011f\u0131<\/a><\/h3><p class=\"elementor-image-box-description\">Vergi ile ilgili uyu\u015fmazl\u0131k ve davalar\u0131n\u0131zda, profesyonel ve g\u00fcvenilir dan\u0131\u015fmanl\u0131k hizmeti sunarak haklar\u0131n\u0131z\u0131 koruma alt\u0131na al\u0131yoruz. Uzman ekibimiz,<\/p><\/div><\/div>\t\t\t\t<\/div>\n\t\t\t\t<\/div>\n\t\t\t\t<\/div>\n\t\t<div class=\"elementor-element elementor-element-9051f97 e-flex e-con-boxed e-con e-parent\" data-id=\"9051f97\" data-element_type=\"container\" data-settings=\"{&quot;background_background&quot;:&quot;classic&quot;}\">\n\t\t\t\t\t<div class=\"e-con-inner\">\n\t\t\t\t<div class=\"elementor-element elementor-element-8a52517 elementor-position-top elementor-invisible elementor-widget elementor-widget-image-box\" data-id=\"8a52517\" data-element_type=\"widget\" data-settings=\"{&quot;_animation&quot;:&quot;fadeInUp&quot;}\" data-widget_type=\"image-box.default\">\n\t\t\t\t<div class=\"elementor-widget-container\">\n\t\t\t\t\t<div class=\"elementor-image-box-wrapper\"><figure class=\"elementor-image-box-img\"><a href=\"https:\/\/karakoyymm.com\/?page_id=1545\" tabindex=\"-1\"><img loading=\"lazy\" decoding=\"async\" width=\"1024\" height=\"1024\" src=\"https:\/\/karakoyymm.com\/wp-content\/uploads\/2025\/03\/diger-hizmetler.webp\" class=\"attachment-full size-full wp-image-1347\" alt=\"\" srcset=\"https:\/\/karakoyymm.com\/wp-content\/uploads\/2025\/03\/diger-hizmetler.webp 1024w, https:\/\/karakoyymm.com\/wp-content\/uploads\/2025\/03\/diger-hizmetler-300x300.webp 300w, https:\/\/karakoyymm.com\/wp-content\/uploads\/2025\/03\/diger-hizmetler-150x150.webp 150w, https:\/\/karakoyymm.com\/wp-content\/uploads\/2025\/03\/diger-hizmetler-768x768.webp 768w, https:\/\/karakoyymm.com\/wp-content\/uploads\/2025\/03\/diger-hizmetler-1000x1000.webp 1000w, https:\/\/karakoyymm.com\/wp-content\/uploads\/2025\/03\/diger-hizmetler-230x230.webp 230w, https:\/\/karakoyymm.com\/wp-content\/uploads\/2025\/03\/diger-hizmetler-350x350.webp 350w, https:\/\/karakoyymm.com\/wp-content\/uploads\/2025\/03\/diger-hizmetler-480x480.webp 480w\" sizes=\"(max-width: 1024px) 100vw, 1024px\" \/><\/a><\/figure><div class=\"elementor-image-box-content\"><h3 class=\"elementor-image-box-title\"><a href=\"https:\/\/karakoyymm.com\/?page_id=1545\">Di\u011fer Hizmetler<\/a><\/h3><p class=\"elementor-image-box-description\">Di\u011fer Hizmetler Muhasebe, Vergi Hukuku ve Di\u011fer Mali Mevzuat Alanlar\u0131nda E\u011fitim Hizmetleri, Mali Mevzuatta Yap\u0131lan D\u00fczenleme ve<\/p><\/div><\/div>\t\t\t\t<\/div>\n\t\t\t\t<\/div>\n\t\t\t\t\t<\/div>\n\t\t\t\t<\/div>\n\t\t<div class=\"elementor-element elementor-element-c825ca1 e-con-full e-flex e-con e-parent\" data-id=\"c825ca1\" data-element_type=\"container\">\n\t\t<div class=\"elementor-element elementor-element-4d16c53 e-con-full e-flex e-con e-child\" data-id=\"4d16c53\" data-element_type=\"container\">\n\t\t\t\t<\/div>\n\t\t<div class=\"elementor-element elementor-element-ae40885 e-con-full e-flex e-con e-child\" data-id=\"ae40885\" data-element_type=\"container\">\n\t\t\t\t<\/div>\n\t\t\t\t<\/div>\n\t\t\t\t<\/div>\n\t\t","protected":false},"excerpt":{"rendered":"<p>H\u0130ZMETLER KDV \u00d6TV \u0130adesi KDV \u00d6TV \u0130adesi KDV ve \u00d6TV iadesi s\u00fcre\u00e7lerinde uzman deste\u011fimizle i\u015fletmenizin hak etti\u011fi iade tutar\u0131n\u0131 en h\u0131zl\u0131 \u00d6zel [&hellip;]<\/p>\n","protected":false},"author":1,"featured_media":0,"parent":0,"menu_order":0,"comment_status":"closed","ping_status":"closed","template":"elementor_header_footer","meta":{"footnotes":""},"class_list":["post-842","page","type-page","status-publish","hentry"],"_links":{"self":[{"href":"https:\/\/karakoyymm.com\/index.php?rest_route=\/wp\/v2\/pages\/842","targetHints":{"allow":["GET"]}}],"collection":[{"href":"https:\/\/karakoyymm.com\/index.php?rest_route=\/wp\/v2\/pages"}],"about":[{"href":"https:\/\/karakoyymm.com\/index.php?rest_route=\/wp\/v2\/types\/page"}],"author":[{"embeddable":true,"href":"https:\/\/karakoyymm.com\/index.php?rest_route=\/wp\/v2\/users\/1"}],"replies":[{"embeddable":true,"href":"https:\/\/karakoyymm.com\/index.php?rest_route=%2Fwp%2Fv2%2Fcomments&post=842"}],"version-history":[{"count":22,"href":"https:\/\/karakoyymm.com\/index.php?rest_route=\/wp\/v2\/pages\/842\/revisions"}],"predecessor-version":[{"id":1553,"href":"https:\/\/karakoyymm.com\/index.php?rest_route=\/wp\/v2\/pages\/842\/revisions\/1553"}],"wp:attachment":[{"href":"https:\/\/karakoyymm.com\/index.php?rest_route=%2Fwp%2Fv2%2Fmedia&parent=842"}],"curies":[{"name":"wp","href":"https:\/\/api.w.org\/{rel}","templated":true}]}}