{"id":401,"date":"2021-11-01T11:30:50","date_gmt":"2021-11-01T11:30:50","guid":{"rendered":"https:\/\/demo.athemes.com\/sydney-main\/?page_id=401"},"modified":"2025-03-29T15:42:55","modified_gmt":"2025-03-29T12:42:55","slug":"about","status":"publish","type":"page","link":"https:\/\/karakoyymm.com\/?page_id=401","title":{"rendered":"Hakk\u0131m\u0131zda"},"content":{"rendered":"\t\t<div data-elementor-type=\"wp-page\" data-elementor-id=\"401\" class=\"elementor elementor-401\">\n\t\t\t\t<div class=\"elementor-element elementor-element-2d93ce2 e-grid e-con-boxed e-con e-parent\" data-id=\"2d93ce2\" data-element_type=\"container\">\n\t\t\t\t\t<div class=\"e-con-inner\">\n\t\t\t\t<div class=\"elementor-element elementor-element-c9dfc0b elementor-widget elementor-widget-text-editor\" data-id=\"c9dfc0b\" data-element_type=\"widget\" data-widget_type=\"text-editor.default\">\n\t\t\t\t<div class=\"elementor-widget-container\">\n\t\t\t\t\t\t\t\t\t<h6 class=\"elementor-heading-title elementor-size-default\">\u00a0 \u00a0 \u00a0 \u00a0 \u00a0 \u00a0 \u00a0 \u00a0 \u00a0 \u00a0 \u00a0 \u00a0 \u00a0 \u00a0 \u00a0 \u00a0 \u00a0 \u00a0 \u00a0 \u00a0 \u00a0<\/h6><h6 class=\"elementor-heading-title elementor-size-default\">\u00a0 \u00a0 \u00a0 \u00a0 \u00a0 \u00a0 \u00a0 \u00a0 \u00a0 \u00a0 \u00a0 \u00a0 \u00a0 \u00a0 \u00a0 \u00a0 \u00a0 \u00a0 \u00a0 \u00a0 \u00a0 \u00a0 \u00a0 \u00a0 \u00a0 \u00a0 \u00a0 Hakk\u0131m\u0131zda<\/h6><h1 class=\"elementor-heading-title elementor-size-default\"><strong>Karak\u00f6y Yeminli Mali\u00a0 \u00a0 \u00a0 \u00a0 \u00a0 \u00a0 \u00a0 \u00a0 \u00a0 M\u00fc\u015favirlik<\/strong><\/h1><p>\u00a0<\/p><h4>3568 say\u0131l\u0131 Kanun \u00e7er\u00e7evesinde kurulmu\u015f olan \u015firketimiz, bilgili ve tecr\u00fcbeli kadrosuyla, zaman\u0131nda ve yeterli d\u00fczeyde hizmet vermeyi gaye edinmi\u015f olup, m\u00fc\u015fterilere g\u00fcler y\u00fczl\u00fc, nezaket kurallar\u0131 i\u00e7inde ve anlay\u0131\u015fl\u0131 davranmak, g\u00fcn\u00fcn her saatinde ula\u015f\u0131labilmek, sorunlara mutlaka, en k\u0131sa zamanda ve do\u011fru \u00e7\u00f6z\u00fcmler \u00fcretmek temel \u00e7al\u0131\u015fma prensibi ile hareket etmektedir.<\/h4>\t\t\t\t\t\t\t\t<\/div>\n\t\t\t\t<\/div>\n\t\t\t\t<div class=\"elementor-element elementor-element-f3cf18e elementor-widget elementor-widget-image\" data-id=\"f3cf18e\" data-element_type=\"widget\" data-widget_type=\"image.default\">\n\t\t\t\t<div class=\"elementor-widget-container\">\n\t\t\t\t\t\t\t\t\t\t\t\t\t\t\t<img fetchpriority=\"high\" decoding=\"async\" width=\"528\" height=\"528\" src=\"https:\/\/karakoyymm.com\/wp-content\/uploads\/2025\/02\/Logo-Koyu-Zemin.jpg\" class=\"attachment-large size-large wp-image-769\" alt=\"\" srcset=\"https:\/\/karakoyymm.com\/wp-content\/uploads\/2025\/02\/Logo-Koyu-Zemin.jpg 528w, https:\/\/karakoyymm.com\/wp-content\/uploads\/2025\/02\/Logo-Koyu-Zemin-300x300.jpg 300w, https:\/\/karakoyymm.com\/wp-content\/uploads\/2025\/02\/Logo-Koyu-Zemin-150x150.jpg 150w, https:\/\/karakoyymm.com\/wp-content\/uploads\/2025\/02\/Logo-Koyu-Zemin-230x230.jpg 230w, https:\/\/karakoyymm.com\/wp-content\/uploads\/2025\/02\/Logo-Koyu-Zemin-350x350.jpg 350w, https:\/\/karakoyymm.com\/wp-content\/uploads\/2025\/02\/Logo-Koyu-Zemin-480x480.jpg 480w\" sizes=\"(max-width: 528px) 100vw, 528px\" \/>\t\t\t\t\t\t\t\t\t\t\t\t\t\t\t<\/div>\n\t\t\t\t<\/div>\n\t\t\t\t\t<\/div>\n\t\t\t\t<\/div>\n\t\t\t\t<section class=\"elementor-section elementor-top-section elementor-element elementor-element-cf5ff21 elementor-section-content-middle elementor-section-boxed elementor-section-height-default elementor-section-height-default elementor-invisible\" data-id=\"cf5ff21\" data-element_type=\"section\" data-settings=\"{&quot;background_background&quot;:&quot;classic&quot;,&quot;animation&quot;:&quot;fadeInDown&quot;}\">\n\t\t\t\t\t\t<div class=\"elementor-container elementor-column-gap-default\">\n\t\t\t\t\t<div class=\"elementor-column elementor-col-50 elementor-top-column elementor-element elementor-element-c35989b\" data-id=\"c35989b\" data-element_type=\"column\">\n\t\t\t<div class=\"elementor-widget-wrap elementor-element-populated\">\n\t\t\t\t\t\t<div class=\"elementor-element elementor-element-33e3b28 elementor-widget elementor-widget-image\" data-id=\"33e3b28\" data-element_type=\"widget\" data-widget_type=\"image.default\">\n\t\t\t\t<div class=\"elementor-widget-container\">\n\t\t\t\t\t\t\t\t\t\t\t\t\t\t\t<img decoding=\"async\" width=\"801\" height=\"1024\" src=\"https:\/\/karakoyymm.com\/wp-content\/uploads\/2021\/11\/Rectangle-602-801x1024.jpg\" class=\"attachment-large size-large wp-image-435\" alt=\"\" srcset=\"https:\/\/karakoyymm.com\/wp-content\/uploads\/2021\/11\/Rectangle-602-801x1024.jpg 801w, https:\/\/karakoyymm.com\/wp-content\/uploads\/2021\/11\/Rectangle-602-235x300.jpg 235w, https:\/\/karakoyymm.com\/wp-content\/uploads\/2021\/11\/Rectangle-602-768x981.jpg 768w, https:\/\/karakoyymm.com\/wp-content\/uploads\/2021\/11\/Rectangle-602-230x294.jpg 230w, https:\/\/karakoyymm.com\/wp-content\/uploads\/2021\/11\/Rectangle-602-350x447.jpg 350w, https:\/\/karakoyymm.com\/wp-content\/uploads\/2021\/11\/Rectangle-602-480x613.jpg 480w, https:\/\/karakoyymm.com\/wp-content\/uploads\/2021\/11\/Rectangle-602.jpg 810w\" sizes=\"(max-width: 801px) 100vw, 801px\" \/>\t\t\t\t\t\t\t\t\t\t\t\t\t\t\t<\/div>\n\t\t\t\t<\/div>\n\t\t\t\t\t<\/div>\n\t\t<\/div>\n\t\t\t\t<div class=\"elementor-column elementor-col-50 elementor-top-column elementor-element elementor-element-9d8f192\" data-id=\"9d8f192\" data-element_type=\"column\">\n\t\t\t<div class=\"elementor-widget-wrap elementor-element-populated\">\n\t\t\t\t\t\t<div class=\"elementor-element elementor-element-6811c22 elementor-widget elementor-widget-text-editor\" data-id=\"6811c22\" data-element_type=\"widget\" data-widget_type=\"text-editor.default\">\n\t\t\t\t<div class=\"elementor-widget-container\">\n\t\t\t\t\t\t\t\t\t<p>\u015eirketimiz, tam tasdik, KDV iadesi i\u015flemleri, vergisel te\u015fvikler, inceleme dan\u0131\u015fmanl\u0131\u011f\u0131, ba\u011f\u0131ms\u0131z denetim, \u015firket b\u00f6l\u00fcnmesi ve birle\u015fmesi, T\u00fcrk Ticaret Kanunu uygulamalar\u0131, halka arz hizmetleri, kurumsal finansman, sosyal g\u00fcvenlik dan\u0131\u015fmanl\u0131\u011f\u0131, vergi uyu\u015fmazl\u0131klar\u0131 konusunda hukuk dan\u0131\u015fmanl\u0131\u011f\u0131 ba\u015fta olmak \u00fczere uzmanl\u0131k gerektiren konularda m\u00fc\u015fterilerine kaliteli hizmet vermektedir. \u015eirketimiz, m\u00fc\u015fterilerine ulusal ve uluslararas\u0131 standartlar \u00e7er\u00e7evesinde i\u015flerini<\/p><p>g\u00fcvenle kurmalar\u0131na ve b\u00fcy\u00fcmelerine katk\u0131 sa\u011flamay\u0131 kendisine ilke edinen vergi, denetim ve dan\u0131\u015fmanl\u0131k firmas\u0131d\u0131r. \u015eirketimiz, m\u00fc\u015fterilerinin ihtiya\u00e7lar\u0131 do\u011frultusunda en iyi hizmeti sunabilmek i\u00e7in Hazine ve Maliye Bakanl\u0131\u011f\u0131nda en az 10 y\u0131l M\u00fcfetti\u015f unvan\u0131 ile \u00e7al\u0131\u015fm\u0131\u015f Vergi M\u00fcfetti\u015flerinden ve \u00f6zel sekt\u00f6rde uzun y\u0131llar Mali M\u00fc\u015favirlik ve Denet\u00e7ilik yapm\u0131\u015f tecr\u00fcbeli ve e\u011fitimli bir ekipten olu\u015fmaktad\u0131r.<\/p>\t\t\t\t\t\t\t\t<\/div>\n\t\t\t\t<\/div>\n\t\t\t\t\t<\/div>\n\t\t<\/div>\n\t\t\t\t\t<\/div>\n\t\t<\/section>\n\t\t\t\t<section class=\"elementor-section elementor-top-section elementor-element elementor-element-aa357ca elementor-section-boxed elementor-section-height-default elementor-section-height-default\" data-id=\"aa357ca\" data-element_type=\"section\">\n\t\t\t\t\t\t<div class=\"elementor-container elementor-column-gap-default\">\n\t\t\t\t\t<div class=\"elementor-column elementor-col-100 elementor-top-column elementor-element elementor-element-50a14cd\" data-id=\"50a14cd\" data-element_type=\"column\">\n\t\t\t<div class=\"elementor-widget-wrap elementor-element-populated\">\n\t\t\t\t\t\t<section class=\"elementor-section elementor-inner-section elementor-element elementor-element-ef55ae6 elementor-section-boxed elementor-section-height-default elementor-section-height-default elementor-invisible\" data-id=\"ef55ae6\" data-element_type=\"section\" data-settings=\"{&quot;animation&quot;:&quot;fadeInDown&quot;}\">\n\t\t\t\t\t\t<div class=\"elementor-container elementor-column-gap-extended\">\n\t\t\t\t\t<div class=\"elementor-column elementor-col-33 elementor-inner-column elementor-element elementor-element-5daae18\" data-id=\"5daae18\" data-element_type=\"column\">\n\t\t\t<div class=\"elementor-widget-wrap elementor-element-populated\">\n\t\t\t\t\t\t<div class=\"elementor-element elementor-element-66aed74 elementor-position-top elementor-widget elementor-widget-image-box\" data-id=\"66aed74\" data-element_type=\"widget\" data-widget_type=\"image-box.default\">\n\t\t\t\t<div class=\"elementor-widget-container\">\n\t\t\t\t\t<div class=\"elementor-image-box-wrapper\"><figure class=\"elementor-image-box-img\"><img decoding=\"async\" width=\"860\" height=\"980\" src=\"https:\/\/karakoyymm.com\/wp-content\/uploads\/2025\/03\/pngwing.com-1.png\" class=\"attachment-full size-full wp-image-1327\" alt=\"\" srcset=\"https:\/\/karakoyymm.com\/wp-content\/uploads\/2025\/03\/pngwing.com-1.png 860w, https:\/\/karakoyymm.com\/wp-content\/uploads\/2025\/03\/pngwing.com-1-263x300.png 263w, https:\/\/karakoyymm.com\/wp-content\/uploads\/2025\/03\/pngwing.com-1-768x875.png 768w, https:\/\/karakoyymm.com\/wp-content\/uploads\/2025\/03\/pngwing.com-1-230x262.png 230w, https:\/\/karakoyymm.com\/wp-content\/uploads\/2025\/03\/pngwing.com-1-350x399.png 350w, https:\/\/karakoyymm.com\/wp-content\/uploads\/2025\/03\/pngwing.com-1-480x547.png 480w\" sizes=\"(max-width: 860px) 100vw, 860px\" \/><\/figure><div class=\"elementor-image-box-content\"><h3 class=\"elementor-image-box-title\">Uzmanl\u0131k<\/h3><p class=\"elementor-image-box-description\">Sundu\u011fumuz hizmetlerin tamam\u0131 alan\u0131nda akademik ve profesyonel birikime sahip ekibimizce verlimekte olup eri\u015filebilecek en y\u00fcksek fayda hedeflenmektedir.<\/p><\/div><\/div>\t\t\t\t<\/div>\n\t\t\t\t<\/div>\n\t\t\t\t\t<\/div>\n\t\t<\/div>\n\t\t\t\t<div class=\"elementor-column elementor-col-33 elementor-inner-column elementor-element elementor-element-cdd1026\" data-id=\"cdd1026\" data-element_type=\"column\">\n\t\t\t<div class=\"elementor-widget-wrap elementor-element-populated\">\n\t\t\t\t\t\t<div class=\"elementor-element elementor-element-1f9d853 elementor-position-top elementor-widget elementor-widget-image-box\" data-id=\"1f9d853\" data-element_type=\"widget\" data-widget_type=\"image-box.default\">\n\t\t\t\t<div class=\"elementor-widget-container\">\n\t\t\t\t\t<div class=\"elementor-image-box-wrapper\"><figure class=\"elementor-image-box-img\"><img loading=\"lazy\" decoding=\"async\" width=\"512\" height=\"512\" src=\"https:\/\/karakoyymm.com\/wp-content\/uploads\/2025\/03\/pngwing.com-3.png\" class=\"attachment-full size-full wp-image-1329\" alt=\"\" srcset=\"https:\/\/karakoyymm.com\/wp-content\/uploads\/2025\/03\/pngwing.com-3.png 512w, https:\/\/karakoyymm.com\/wp-content\/uploads\/2025\/03\/pngwing.com-3-300x300.png 300w, https:\/\/karakoyymm.com\/wp-content\/uploads\/2025\/03\/pngwing.com-3-150x150.png 150w, https:\/\/karakoyymm.com\/wp-content\/uploads\/2025\/03\/pngwing.com-3-230x230.png 230w, https:\/\/karakoyymm.com\/wp-content\/uploads\/2025\/03\/pngwing.com-3-350x350.png 350w, https:\/\/karakoyymm.com\/wp-content\/uploads\/2025\/03\/pngwing.com-3-480x480.png 480w\" sizes=\"(max-width: 512px) 100vw, 512px\" \/><\/figure><div class=\"elementor-image-box-content\"><h3 class=\"elementor-image-box-title\">Gizlilik<\/h3><p class=\"elementor-image-box-description\">M\u00fc\u015fterilerimize ili\u015fkin bilgiler en g\u00fc\u00e7l\u00fc \u015fekilde korunmakta olup \u00fc\u00e7\u00fcnc\u00fc ki\u015filerce eri\u015filememesi i\u00e7in t\u00fcm \u00f6nlemler al\u0131nmaktad\u0131r.<\/p><\/div><\/div>\t\t\t\t<\/div>\n\t\t\t\t<\/div>\n\t\t\t\t\t<\/div>\n\t\t<\/div>\n\t\t\t\t<div class=\"elementor-column elementor-col-33 elementor-inner-column elementor-element elementor-element-c291320\" data-id=\"c291320\" data-element_type=\"column\">\n\t\t\t<div class=\"elementor-widget-wrap elementor-element-populated\">\n\t\t\t\t\t\t<div class=\"elementor-element elementor-element-8958d30 elementor-position-top elementor-widget elementor-widget-image-box\" data-id=\"8958d30\" data-element_type=\"widget\" data-widget_type=\"image-box.default\">\n\t\t\t\t<div class=\"elementor-widget-container\">\n\t\t\t\t\t<div class=\"elementor-image-box-wrapper\"><figure class=\"elementor-image-box-img\"><img loading=\"lazy\" decoding=\"async\" width=\"512\" height=\"512\" src=\"https:\/\/karakoyymm.com\/wp-content\/uploads\/2025\/03\/pngwing.com-2.png\" class=\"attachment-full size-full wp-image-1328\" alt=\"\" srcset=\"https:\/\/karakoyymm.com\/wp-content\/uploads\/2025\/03\/pngwing.com-2.png 512w, https:\/\/karakoyymm.com\/wp-content\/uploads\/2025\/03\/pngwing.com-2-300x300.png 300w, https:\/\/karakoyymm.com\/wp-content\/uploads\/2025\/03\/pngwing.com-2-150x150.png 150w, https:\/\/karakoyymm.com\/wp-content\/uploads\/2025\/03\/pngwing.com-2-230x230.png 230w, https:\/\/karakoyymm.com\/wp-content\/uploads\/2025\/03\/pngwing.com-2-350x350.png 350w, https:\/\/karakoyymm.com\/wp-content\/uploads\/2025\/03\/pngwing.com-2-480x480.png 480w\" sizes=\"(max-width: 512px) 100vw, 512px\" \/><\/figure><div class=\"elementor-image-box-content\"><h3 class=\"elementor-image-box-title\">D\u00fcr\u00fcstl\u00fck<\/h3><p class=\"elementor-image-box-description\">S\u00fcre\u00e7 sonunda ula\u015f\u0131labilecek muhtemel sonu\u00e7lar objektif olarak ortaya konularak m\u00fc\u015fterilerimizin beklentileri ile sonu\u00e7lar\u0131n yak\u0131nsamas\u0131n\u0131 sa\u011flamaktad\u0131r.<\/p><\/div><\/div>\t\t\t\t<\/div>\n\t\t\t\t<\/div>\n\t\t\t\t\t<\/div>\n\t\t<\/div>\n\t\t\t\t\t<\/div>\n\t\t<\/section>\n\t\t\t\t\t<\/div>\n\t\t<\/div>\n\t\t\t\t\t<\/div>\n\t\t<\/section>\n\t\t\t\t<section class=\"elementor-section elementor-top-section elementor-element elementor-element-cfed380 elementor-section-content-middle elementor-section-boxed elementor-section-height-default elementor-section-height-default\" data-id=\"cfed380\" data-element_type=\"section\" data-settings=\"{&quot;background_background&quot;:&quot;classic&quot;}\">\n\t\t\t\t\t\t<div class=\"elementor-container elementor-column-gap-default\">\n\t\t\t\t\t<div class=\"elementor-column elementor-col-50 elementor-top-column elementor-element elementor-element-d8fac92\" data-id=\"d8fac92\" data-element_type=\"column\">\n\t\t\t<div class=\"elementor-widget-wrap elementor-element-populated\">\n\t\t\t\t\t\t<div class=\"elementor-element elementor-element-ea4173f elementor-widget elementor-widget-heading\" data-id=\"ea4173f\" data-element_type=\"widget\" data-widget_type=\"heading.default\">\n\t\t\t\t<div class=\"elementor-widget-container\">\n\t\t\t\t\t<h2 class=\"elementor-heading-title elementor-size-default\">KARAK\u00d6Y YMM<\/h2>\t\t\t\t<\/div>\n\t\t\t\t<\/div>\n\t\t\t\t\t<\/div>\n\t\t<\/div>\n\t\t\t\t<div class=\"elementor-column elementor-col-50 elementor-top-column elementor-element elementor-element-7aa5769\" data-id=\"7aa5769\" data-element_type=\"column\">\n\t\t\t<div class=\"elementor-widget-wrap elementor-element-populated\">\n\t\t\t\t\t\t<div class=\"elementor-element elementor-element-9c6e3e1 elementor-align-right elementor-mobile-align-center elementor-widget elementor-widget-button\" data-id=\"9c6e3e1\" data-element_type=\"widget\" data-widget_type=\"button.default\">\n\t\t\t\t<div class=\"elementor-widget-container\">\n\t\t\t\t\t\t\t\t\t<div class=\"elementor-button-wrapper\">\n\t\t\t\t\t<a class=\"elementor-button elementor-size-sm\" role=\"button\">\n\t\t\t\t\t\t<span class=\"elementor-button-content-wrapper\">\n\t\t\t\t\t\t\t\t\t<span class=\"elementor-button-text\">Bize Ula\u015f<\/span>\n\t\t\t\t\t<\/span>\n\t\t\t\t\t<\/a>\n\t\t\t\t<\/div>\n\t\t\t\t\t\t\t\t<\/div>\n\t\t\t\t<\/div>\n\t\t\t\t\t<\/div>\n\t\t<\/div>\n\t\t\t\t\t<\/div>\n\t\t<\/section>\n\t\t\t\t<\/div>\n\t\t","protected":false},"excerpt":{"rendered":"<p>\u00a0 \u00a0 \u00a0 \u00a0 \u00a0 \u00a0 \u00a0 \u00a0 \u00a0 \u00a0 \u00a0 \u00a0 \u00a0 \u00a0 \u00a0 \u00a0 \u00a0 \u00a0 \u00a0 \u00a0 \u00a0 \u00a0 [&hellip;]<\/p>\n","protected":false},"author":1,"featured_media":0,"parent":0,"menu_order":0,"comment_status":"closed","ping_status":"closed","template":"page-templates\/page_front-page.php","meta":{"footnotes":""},"class_list":["post-401","page","type-page","status-publish","hentry"],"_links":{"self":[{"href":"https:\/\/karakoyymm.com\/index.php?rest_route=\/wp\/v2\/pages\/401","targetHints":{"allow":["GET"]}}],"collection":[{"href":"https:\/\/karakoyymm.com\/index.php?rest_route=\/wp\/v2\/pages"}],"about":[{"href":"https:\/\/karakoyymm.com\/index.php?rest_route=\/wp\/v2\/types\/page"}],"author":[{"embeddable":true,"href":"https:\/\/karakoyymm.com\/index.php?rest_route=\/wp\/v2\/users\/1"}],"replies":[{"embeddable":true,"href":"https:\/\/karakoyymm.com\/index.php?rest_route=%2Fwp%2Fv2%2Fcomments&post=401"}],"version-history":[{"count":54,"href":"https:\/\/karakoyymm.com\/index.php?rest_route=\/wp\/v2\/pages\/401\/revisions"}],"predecessor-version":[{"id":1556,"href":"https:\/\/karakoyymm.com\/index.php?rest_route=\/wp\/v2\/pages\/401\/revisions\/1556"}],"wp:attachment":[{"href":"https:\/\/karakoyymm.com\/index.php?rest_route=%2Fwp%2Fv2%2Fmedia&parent=401"}],"curies":[{"name":"wp","href":"https:\/\/api.w.org\/{rel}","templated":true}]}}