{"id":1530,"date":"2025-03-29T15:17:34","date_gmt":"2025-03-29T12:17:34","guid":{"rendered":"http:\/\/karakoyymm.com\/?page_id=1530"},"modified":"2025-03-29T15:19:03","modified_gmt":"2025-03-29T12:19:03","slug":"vergi-dava-danismanligi-2","status":"publish","type":"page","link":"https:\/\/karakoyymm.com\/?page_id=1530","title":{"rendered":"Vergi Dava Dan\u0131\u015fmanl\u0131\u011f\u0131"},"content":{"rendered":"\t\t<div data-elementor-type=\"wp-page\" data-elementor-id=\"1530\" class=\"elementor elementor-1530\">\n\t\t\t\t<div class=\"elementor-element elementor-element-e3bb19a e-flex e-con-boxed e-con e-parent\" data-id=\"e3bb19a\" data-element_type=\"container\">\n\t\t\t\t\t<div class=\"e-con-inner\">\n\t\t<div class=\"elementor-element elementor-element-710b73a e-con-full e-flex e-con e-child\" data-id=\"710b73a\" data-element_type=\"container\">\n\t\t\t\t<div class=\"elementor-element elementor-element-1e3fc33 elementor-widget elementor-widget-text-editor\" data-id=\"1e3fc33\" data-element_type=\"widget\" data-widget_type=\"text-editor.default\">\n\t\t\t\t<div class=\"elementor-widget-container\">\n\t\t\t\t\t\t\t\t\t<p>Vergi ile ilgili uyu\u015fmazl\u0131k ve davalar\u0131n\u0131zda,\u00a0<strong>profesyonel ve g\u00fcvenilir dan\u0131\u015fmanl\u0131k hizmeti<\/strong>\u00a0sunarak haklar\u0131n\u0131z\u0131 koruma alt\u0131na al\u0131yoruz. Uzman ekibimiz, vergi mevzuat\u0131na h\u00e2kimiyeti ve sekt\u00f6rel deneyimiyle i\u015fletmenizin yasal s\u00fcre\u00e7lerini kolayla\u015ft\u0131r\u0131r ve sizi do\u011fru \u015fekilde y\u00f6nlendirir.<\/p><p>\u00a0<\/p>\t\t\t\t\t\t\t\t<\/div>\n\t\t\t\t<\/div>\n\t\t\t\t<\/div>\n\t\t<div class=\"elementor-element elementor-element-a79de66 e-con-full e-flex e-con e-child\" data-id=\"a79de66\" data-element_type=\"container\">\n\t\t\t\t<div class=\"elementor-element elementor-element-b6c7d9a elementor-widget elementor-widget-image\" data-id=\"b6c7d9a\" data-element_type=\"widget\" data-widget_type=\"image.default\">\n\t\t\t\t<div class=\"elementor-widget-container\">\n\t\t\t\t\t\t\t\t\t\t\t\t\t\t\t<img fetchpriority=\"high\" decoding=\"async\" width=\"688\" height=\"434\" src=\"https:\/\/karakoyymm.com\/wp-content\/uploads\/2025\/03\/1504e0b87e41736cf5a6930dc1f8a770_cssvt4te878c73b18chg_image-1.png\" class=\"attachment-large size-large wp-image-1476\" alt=\"\" srcset=\"https:\/\/karakoyymm.com\/wp-content\/uploads\/2025\/03\/1504e0b87e41736cf5a6930dc1f8a770_cssvt4te878c73b18chg_image-1.png 688w, https:\/\/karakoyymm.com\/wp-content\/uploads\/2025\/03\/1504e0b87e41736cf5a6930dc1f8a770_cssvt4te878c73b18chg_image-1-300x189.png 300w, https:\/\/karakoyymm.com\/wp-content\/uploads\/2025\/03\/1504e0b87e41736cf5a6930dc1f8a770_cssvt4te878c73b18chg_image-1-230x145.png 230w, https:\/\/karakoyymm.com\/wp-content\/uploads\/2025\/03\/1504e0b87e41736cf5a6930dc1f8a770_cssvt4te878c73b18chg_image-1-350x221.png 350w, https:\/\/karakoyymm.com\/wp-content\/uploads\/2025\/03\/1504e0b87e41736cf5a6930dc1f8a770_cssvt4te878c73b18chg_image-1-480x303.png 480w\" sizes=\"(max-width: 688px) 100vw, 688px\" \/>\t\t\t\t\t\t\t\t\t\t\t\t\t\t\t<\/div>\n\t\t\t\t<\/div>\n\t\t\t\t<\/div>\n\t\t\t\t\t<\/div>\n\t\t\t\t<\/div>\n\t\t\t\t<\/div>\n\t\t","protected":false},"excerpt":{"rendered":"<p>Vergi ile ilgili uyu\u015fmazl\u0131k ve davalar\u0131n\u0131zda,\u00a0profesyonel ve g\u00fcvenilir dan\u0131\u015fmanl\u0131k hizmeti\u00a0sunarak haklar\u0131n\u0131z\u0131 koruma alt\u0131na al\u0131yoruz. Uzman ekibimiz, vergi mevzuat\u0131na h\u00e2kimiyeti ve sekt\u00f6rel deneyimiyle [&hellip;]<\/p>\n","protected":false},"author":1,"featured_media":0,"parent":0,"menu_order":0,"comment_status":"closed","ping_status":"closed","template":"","meta":{"footnotes":""},"class_list":["post-1530","page","type-page","status-publish","hentry"],"_links":{"self":[{"href":"https:\/\/karakoyymm.com\/index.php?rest_route=\/wp\/v2\/pages\/1530","targetHints":{"allow":["GET"]}}],"collection":[{"href":"https:\/\/karakoyymm.com\/index.php?rest_route=\/wp\/v2\/pages"}],"about":[{"href":"https:\/\/karakoyymm.com\/index.php?rest_route=\/wp\/v2\/types\/page"}],"author":[{"embeddable":true,"href":"https:\/\/karakoyymm.com\/index.php?rest_route=\/wp\/v2\/users\/1"}],"replies":[{"embeddable":true,"href":"https:\/\/karakoyymm.com\/index.php?rest_route=%2Fwp%2Fv2%2Fcomments&post=1530"}],"version-history":[{"count":7,"href":"https:\/\/karakoyymm.com\/index.php?rest_route=\/wp\/v2\/pages\/1530\/revisions"}],"predecessor-version":[{"id":1537,"href":"https:\/\/karakoyymm.com\/index.php?rest_route=\/wp\/v2\/pages\/1530\/revisions\/1537"}],"wp:attachment":[{"href":"https:\/\/karakoyymm.com\/index.php?rest_route=%2Fwp%2Fv2%2Fmedia&parent=1530"}],"curies":[{"name":"wp","href":"https:\/\/api.w.org\/{rel}","templated":true}]}}