{"id":1524,"date":"2025-03-29T15:11:12","date_gmt":"2025-03-29T12:11:12","guid":{"rendered":"http:\/\/karakoyymm.com\/?page_id=1524"},"modified":"2025-03-29T15:12:19","modified_gmt":"2025-03-29T12:12:19","slug":"kdv-otv-iadesi","status":"publish","type":"page","link":"https:\/\/karakoyymm.com\/?page_id=1524","title":{"rendered":"KDV \u00d6TV \u0130adesi"},"content":{"rendered":"\t\t<div data-elementor-type=\"wp-page\" data-elementor-id=\"1524\" class=\"elementor elementor-1524\">\n\t\t\t\t<div class=\"elementor-element elementor-element-7ef810e e-grid e-con-boxed e-con e-parent\" data-id=\"7ef810e\" data-element_type=\"container\">\n\t\t\t\t\t<div class=\"e-con-inner\">\n\t\t\t\t<div class=\"elementor-element elementor-element-ea47488 elementor-widget elementor-widget-text-editor\" data-id=\"ea47488\" data-element_type=\"widget\" data-widget_type=\"text-editor.default\">\n\t\t\t\t<div class=\"elementor-widget-container\">\n\t\t\t\t\t\t\t\t\t<p><strong>KDV ve \u00d6TV iadesi<\/strong>\u00a0s\u00fcre\u00e7lerinde uzman deste\u011fimizle i\u015fletmenizin hak etti\u011fi iade tutar\u0131n\u0131 en h\u0131zl\u0131 ve do\u011fru \u015fekilde alman\u0131za yard\u0131mc\u0131 oluyoruz. Mevzuata tam uyum i\u00e7inde, yasal \u00e7er\u00e7evede i\u015flemleri y\u00fcr\u00fct\u00fcyor ve i\u015fletmenizin finansal s\u00fcre\u00e7lerini kolayla\u015ft\u0131r\u0131yoruz.<\/p><p>\u00a0<\/p>\t\t\t\t\t\t\t\t<\/div>\n\t\t\t\t<\/div>\n\t\t\t\t<div class=\"elementor-element elementor-element-cae5a59 elementor-widget elementor-widget-image\" data-id=\"cae5a59\" data-element_type=\"widget\" data-widget_type=\"image.default\">\n\t\t\t\t<div class=\"elementor-widget-container\">\n\t\t\t\t\t\t\t\t\t\t\t\t\t\t\t<img fetchpriority=\"high\" decoding=\"async\" width=\"1024\" height=\"768\" src=\"https:\/\/karakoyymm.com\/wp-content\/uploads\/2025\/02\/6ed171369d34de5451b408c218199994_ct42f9te878c73bpbshg_image.png\" class=\"attachment-large size-large wp-image-818\" alt=\"\" srcset=\"https:\/\/karakoyymm.com\/wp-content\/uploads\/2025\/02\/6ed171369d34de5451b408c218199994_ct42f9te878c73bpbshg_image.png 1024w, https:\/\/karakoyymm.com\/wp-content\/uploads\/2025\/02\/6ed171369d34de5451b408c218199994_ct42f9te878c73bpbshg_image-300x225.png 300w, https:\/\/karakoyymm.com\/wp-content\/uploads\/2025\/02\/6ed171369d34de5451b408c218199994_ct42f9te878c73bpbshg_image-768x576.png 768w, https:\/\/karakoyymm.com\/wp-content\/uploads\/2025\/02\/6ed171369d34de5451b408c218199994_ct42f9te878c73bpbshg_image-1000x750.png 1000w, https:\/\/karakoyymm.com\/wp-content\/uploads\/2025\/02\/6ed171369d34de5451b408c218199994_ct42f9te878c73bpbshg_image-230x173.png 230w, https:\/\/karakoyymm.com\/wp-content\/uploads\/2025\/02\/6ed171369d34de5451b408c218199994_ct42f9te878c73bpbshg_image-350x263.png 350w, https:\/\/karakoyymm.com\/wp-content\/uploads\/2025\/02\/6ed171369d34de5451b408c218199994_ct42f9te878c73bpbshg_image-480x360.png 480w\" sizes=\"(max-width: 1024px) 100vw, 1024px\" \/>\t\t\t\t\t\t\t\t\t\t\t\t\t\t\t<\/div>\n\t\t\t\t<\/div>\n\t\t\t\t\t<\/div>\n\t\t\t\t<\/div>\n\t\t\t\t<\/div>\n\t\t","protected":false},"excerpt":{"rendered":"<p>KDV ve \u00d6TV iadesi\u00a0s\u00fcre\u00e7lerinde uzman deste\u011fimizle i\u015fletmenizin hak etti\u011fi iade tutar\u0131n\u0131 en h\u0131zl\u0131 ve do\u011fru \u015fekilde alman\u0131za yard\u0131mc\u0131 oluyoruz. Mevzuata tam uyum [&hellip;]<\/p>\n","protected":false},"author":1,"featured_media":0,"parent":0,"menu_order":0,"comment_status":"closed","ping_status":"closed","template":"","meta":{"footnotes":""},"class_list":["post-1524","page","type-page","status-publish","hentry"],"_links":{"self":[{"href":"https:\/\/karakoyymm.com\/index.php?rest_route=\/wp\/v2\/pages\/1524","targetHints":{"allow":["GET"]}}],"collection":[{"href":"https:\/\/karakoyymm.com\/index.php?rest_route=\/wp\/v2\/pages"}],"about":[{"href":"https:\/\/karakoyymm.com\/index.php?rest_route=\/wp\/v2\/types\/page"}],"author":[{"embeddable":true,"href":"https:\/\/karakoyymm.com\/index.php?rest_route=\/wp\/v2\/users\/1"}],"replies":[{"embeddable":true,"href":"https:\/\/karakoyymm.com\/index.php?rest_route=%2Fwp%2Fv2%2Fcomments&post=1524"}],"version-history":[{"count":4,"href":"https:\/\/karakoyymm.com\/index.php?rest_route=\/wp\/v2\/pages\/1524\/revisions"}],"predecessor-version":[{"id":1528,"href":"https:\/\/karakoyymm.com\/index.php?rest_route=\/wp\/v2\/pages\/1524\/revisions\/1528"}],"wp:attachment":[{"href":"https:\/\/karakoyymm.com\/index.php?rest_route=%2Fwp%2Fv2%2Fmedia&parent=1524"}],"curies":[{"name":"wp","href":"https:\/\/api.w.org\/{rel}","templated":true}]}}