{"id":1517,"date":"2025-03-29T15:05:01","date_gmt":"2025-03-29T12:05:01","guid":{"rendered":"http:\/\/karakoyymm.com\/?page_id=1517"},"modified":"2025-03-29T15:06:16","modified_gmt":"2025-03-29T12:06:16","slug":"kisisel-ve-kurumsal-danismanlik-2","status":"publish","type":"page","link":"https:\/\/karakoyymm.com\/?page_id=1517","title":{"rendered":"Ki\u015fisel ve Kurumsal Dan\u0131\u015fmanl\u0131k"},"content":{"rendered":"\t\t<div data-elementor-type=\"wp-page\" data-elementor-id=\"1517\" class=\"elementor elementor-1517\">\n\t\t\t\t<div class=\"elementor-element elementor-element-d979790 e-grid e-con-boxed e-con e-parent\" data-id=\"d979790\" data-element_type=\"container\">\n\t\t\t\t\t<div class=\"e-con-inner\">\n\t\t\t\t<div class=\"elementor-element elementor-element-a1cf5f6 elementor-widget elementor-widget-text-editor\" data-id=\"a1cf5f6\" data-element_type=\"widget\" data-widget_type=\"text-editor.default\">\n\t\t\t\t<div class=\"elementor-widget-container\">\n\t\t\t\t\t\t\t\t\t<p>Vergi Dan\u0131\u015fmanl\u0131\u011f\u0131, Vergi Denetimi ve Tasdik Hizmetlerimiz ile, T\u00fcrkiye\u2019de ge\u00e7erli vergi yasa, mevzuat ve ilgili uygulamalar konusunda edinilen bilgi ve deneyimler \u0131\u015f\u0131\u011f\u0131nda do\u011fru, etkin ve g\u00fcvenilir kararlar\u0131n al\u0131nmas\u0131nda m\u00fc\u015fterilerimize destek olmaktay\u0131z.<\/p><ul class=\"wp-block-list\"><li>Vergi Denetimi<\/li><li>\u0130\u00e7 Denetim ve Kontrol<\/li><li>Karl\u0131l\u0131k ve Verimlilik Denetimi<\/li><li>Enflasyon Muhasebesi \u0130\u015flemlerinin Denetimi<\/li><li>\u00d6zel Ama\u00e7l\u0131 Denetim<\/li><li>Due Diligence<\/li><li>Sermaye Piyasas\u0131, Enerji Piyasas\u0131 ve Sigorta Mevzuat\u0131 A\u00e7\u0131s\u0131ndan Ba\u011f\u0131ms\u0131z Denetim<\/li><li>Uluslararas\u0131 Muhasebe Standartlar\u0131 A\u00e7\u0131s\u0131ndan Ba\u011f\u0131ms\u0131z Denetim<\/li><\/ul>\t\t\t\t\t\t\t\t<\/div>\n\t\t\t\t<\/div>\n\t\t\t\t<div class=\"elementor-element elementor-element-2797f5e elementor-widget elementor-widget-image\" data-id=\"2797f5e\" data-element_type=\"widget\" data-widget_type=\"image.default\">\n\t\t\t\t<div class=\"elementor-widget-container\">\n\t\t\t\t\t\t\t\t\t\t\t\t\t\t\t<img fetchpriority=\"high\" decoding=\"async\" width=\"1024\" height=\"592\" src=\"https:\/\/karakoyymm.com\/wp-content\/uploads\/2025\/03\/2ac6f605a4f91cd52851c6d59bc3570a_cvf2nble878c73bqpd90_image.png\" class=\"attachment-large size-large wp-image-1442\" alt=\"\" srcset=\"https:\/\/karakoyymm.com\/wp-content\/uploads\/2025\/03\/2ac6f605a4f91cd52851c6d59bc3570a_cvf2nble878c73bqpd90_image.png 1024w, https:\/\/karakoyymm.com\/wp-content\/uploads\/2025\/03\/2ac6f605a4f91cd52851c6d59bc3570a_cvf2nble878c73bqpd90_image-300x173.png 300w, https:\/\/karakoyymm.com\/wp-content\/uploads\/2025\/03\/2ac6f605a4f91cd52851c6d59bc3570a_cvf2nble878c73bqpd90_image-768x444.png 768w, https:\/\/karakoyymm.com\/wp-content\/uploads\/2025\/03\/2ac6f605a4f91cd52851c6d59bc3570a_cvf2nble878c73bqpd90_image-1000x578.png 1000w, https:\/\/karakoyymm.com\/wp-content\/uploads\/2025\/03\/2ac6f605a4f91cd52851c6d59bc3570a_cvf2nble878c73bqpd90_image-230x133.png 230w, https:\/\/karakoyymm.com\/wp-content\/uploads\/2025\/03\/2ac6f605a4f91cd52851c6d59bc3570a_cvf2nble878c73bqpd90_image-350x202.png 350w, https:\/\/karakoyymm.com\/wp-content\/uploads\/2025\/03\/2ac6f605a4f91cd52851c6d59bc3570a_cvf2nble878c73bqpd90_image-480x278.png 480w\" sizes=\"(max-width: 1024px) 100vw, 1024px\" \/>\t\t\t\t\t\t\t\t\t\t\t\t\t\t\t<\/div>\n\t\t\t\t<\/div>\n\t\t\t\t\t<\/div>\n\t\t\t\t<\/div>\n\t\t\t\t<\/div>\n\t\t","protected":false},"excerpt":{"rendered":"<p>Vergi Dan\u0131\u015fmanl\u0131\u011f\u0131, Vergi Denetimi ve Tasdik Hizmetlerimiz ile, T\u00fcrkiye\u2019de ge\u00e7erli vergi yasa, mevzuat ve ilgili uygulamalar konusunda edinilen bilgi ve deneyimler \u0131\u015f\u0131\u011f\u0131nda [&hellip;]<\/p>\n","protected":false},"author":1,"featured_media":0,"parent":0,"menu_order":0,"comment_status":"closed","ping_status":"closed","template":"","meta":{"footnotes":""},"class_list":["post-1517","page","type-page","status-publish","hentry"],"_links":{"self":[{"href":"https:\/\/karakoyymm.com\/index.php?rest_route=\/wp\/v2\/pages\/1517","targetHints":{"allow":["GET"]}}],"collection":[{"href":"https:\/\/karakoyymm.com\/index.php?rest_route=\/wp\/v2\/pages"}],"about":[{"href":"https:\/\/karakoyymm.com\/index.php?rest_route=\/wp\/v2\/types\/page"}],"author":[{"embeddable":true,"href":"https:\/\/karakoyymm.com\/index.php?rest_route=\/wp\/v2\/users\/1"}],"replies":[{"embeddable":true,"href":"https:\/\/karakoyymm.com\/index.php?rest_route=%2Fwp%2Fv2%2Fcomments&post=1517"}],"version-history":[{"count":4,"href":"https:\/\/karakoyymm.com\/index.php?rest_route=\/wp\/v2\/pages\/1517\/revisions"}],"predecessor-version":[{"id":1521,"href":"https:\/\/karakoyymm.com\/index.php?rest_route=\/wp\/v2\/pages\/1517\/revisions\/1521"}],"wp:attachment":[{"href":"https:\/\/karakoyymm.com\/index.php?rest_route=%2Fwp%2Fv2%2Fmedia&parent=1517"}],"curies":[{"name":"wp","href":"https:\/\/api.w.org\/{rel}","templated":true}]}}