{"id":1510,"date":"2025-03-29T14:52:55","date_gmt":"2025-03-29T11:52:55","guid":{"rendered":"http:\/\/karakoyymm.com\/?page_id=1510"},"modified":"2025-03-29T14:56:46","modified_gmt":"2025-03-29T11:56:46","slug":"ozel-amacli-tasdik-isleri-raporu","status":"publish","type":"page","link":"https:\/\/karakoyymm.com\/?page_id=1510","title":{"rendered":"\u00d6zel Ama\u00e7l\u0131 Tasdik \u0130\u015fleri Raporu"},"content":{"rendered":"\t\t<div data-elementor-type=\"wp-page\" data-elementor-id=\"1510\" class=\"elementor elementor-1510\">\n\t\t\t\t<div class=\"elementor-element elementor-element-a9f8b8d e-flex e-con-boxed e-con e-parent\" data-id=\"a9f8b8d\" data-element_type=\"container\">\n\t\t\t\t\t<div class=\"e-con-inner\">\n\t\t<div class=\"elementor-element elementor-element-d5c16d9 e-con-full e-flex e-con e-child\" data-id=\"d5c16d9\" data-element_type=\"container\">\n\t\t\t\t<div class=\"elementor-element elementor-element-2d0e1a5 elementor-widget elementor-widget-text-editor\" data-id=\"2d0e1a5\" data-element_type=\"widget\" data-widget_type=\"text-editor.default\">\n\t\t\t\t<div class=\"elementor-widget-container\">\n\t\t\t\t\t\t\t\t\t<p>Firmalar\u0131n ihtiya\u00e7 duydu\u011fu\u00a0<strong>\u00f6zel denetim ve tasdik i\u015flemleri<\/strong>\u00a0i\u00e7in g\u00fcvenilir ve profesyonel \u00e7\u00f6z\u00fcmler sunuyoruz. Bu hizmet kapsam\u0131nda, belirli bir amaca y\u00f6nelik finansal tablolar\u0131n, raporlar\u0131n veya i\u015flemlerin do\u011frulu\u011funu ve g\u00fcvenilirli\u011fini ba\u011f\u0131ms\u0131z bir \u015fekilde tasdik ederek i\u015f s\u00fcre\u00e7lerinizi daha \u015feffaf ve g\u00fcvenilir hale getiriyoruz.<\/p>\t\t\t\t\t\t\t\t<\/div>\n\t\t\t\t<\/div>\n\t\t\t\t<\/div>\n\t\t<div class=\"elementor-element elementor-element-635ef23 e-con-full e-flex e-con e-child\" data-id=\"635ef23\" data-element_type=\"container\">\n\t\t\t\t<div class=\"elementor-element elementor-element-3c9e3ca elementor-widget elementor-widget-image\" data-id=\"3c9e3ca\" data-element_type=\"widget\" data-widget_type=\"image.default\">\n\t\t\t\t<div class=\"elementor-widget-container\">\n\t\t\t\t\t\t\t\t\t\t\t\t\t\t\t<img fetchpriority=\"high\" decoding=\"async\" width=\"1024\" height=\"592\" src=\"https:\/\/karakoyymm.com\/wp-content\/uploads\/2025\/03\/80dea5571f4af60d8e61ed10b84bdedb_ctvkhrte878c73fe1kp0_image.png\" class=\"attachment-large size-large wp-image-1443\" alt=\"\" srcset=\"https:\/\/karakoyymm.com\/wp-content\/uploads\/2025\/03\/80dea5571f4af60d8e61ed10b84bdedb_ctvkhrte878c73fe1kp0_image.png 1024w, https:\/\/karakoyymm.com\/wp-content\/uploads\/2025\/03\/80dea5571f4af60d8e61ed10b84bdedb_ctvkhrte878c73fe1kp0_image-300x173.png 300w, https:\/\/karakoyymm.com\/wp-content\/uploads\/2025\/03\/80dea5571f4af60d8e61ed10b84bdedb_ctvkhrte878c73fe1kp0_image-768x444.png 768w, https:\/\/karakoyymm.com\/wp-content\/uploads\/2025\/03\/80dea5571f4af60d8e61ed10b84bdedb_ctvkhrte878c73fe1kp0_image-1000x578.png 1000w, https:\/\/karakoyymm.com\/wp-content\/uploads\/2025\/03\/80dea5571f4af60d8e61ed10b84bdedb_ctvkhrte878c73fe1kp0_image-230x133.png 230w, https:\/\/karakoyymm.com\/wp-content\/uploads\/2025\/03\/80dea5571f4af60d8e61ed10b84bdedb_ctvkhrte878c73fe1kp0_image-350x202.png 350w, https:\/\/karakoyymm.com\/wp-content\/uploads\/2025\/03\/80dea5571f4af60d8e61ed10b84bdedb_ctvkhrte878c73fe1kp0_image-480x278.png 480w\" sizes=\"(max-width: 1024px) 100vw, 1024px\" \/>\t\t\t\t\t\t\t\t\t\t\t\t\t\t\t<\/div>\n\t\t\t\t<\/div>\n\t\t\t\t<\/div>\n\t\t\t\t\t<\/div>\n\t\t\t\t<\/div>\n\t\t\t\t<\/div>\n\t\t","protected":false},"excerpt":{"rendered":"<p>Firmalar\u0131n ihtiya\u00e7 duydu\u011fu\u00a0\u00f6zel denetim ve tasdik i\u015flemleri\u00a0i\u00e7in g\u00fcvenilir ve profesyonel \u00e7\u00f6z\u00fcmler sunuyoruz. Bu hizmet kapsam\u0131nda, belirli bir amaca y\u00f6nelik finansal tablolar\u0131n, raporlar\u0131n [&hellip;]<\/p>\n","protected":false},"author":1,"featured_media":0,"parent":0,"menu_order":0,"comment_status":"closed","ping_status":"closed","template":"","meta":{"footnotes":""},"class_list":["post-1510","page","type-page","status-publish","hentry"],"_links":{"self":[{"href":"https:\/\/karakoyymm.com\/index.php?rest_route=\/wp\/v2\/pages\/1510","targetHints":{"allow":["GET"]}}],"collection":[{"href":"https:\/\/karakoyymm.com\/index.php?rest_route=\/wp\/v2\/pages"}],"about":[{"href":"https:\/\/karakoyymm.com\/index.php?rest_route=\/wp\/v2\/types\/page"}],"author":[{"embeddable":true,"href":"https:\/\/karakoyymm.com\/index.php?rest_route=\/wp\/v2\/users\/1"}],"replies":[{"embeddable":true,"href":"https:\/\/karakoyymm.com\/index.php?rest_route=%2Fwp%2Fv2%2Fcomments&post=1510"}],"version-history":[{"count":4,"href":"https:\/\/karakoyymm.com\/index.php?rest_route=\/wp\/v2\/pages\/1510\/revisions"}],"predecessor-version":[{"id":1514,"href":"https:\/\/karakoyymm.com\/index.php?rest_route=\/wp\/v2\/pages\/1510\/revisions\/1514"}],"wp:attachment":[{"href":"https:\/\/karakoyymm.com\/index.php?rest_route=%2Fwp%2Fv2%2Fmedia&parent=1510"}],"curies":[{"name":"wp","href":"https:\/\/api.w.org\/{rel}","templated":true}]}}